{"id":17,"date":"2017-07-24T13:31:54","date_gmt":"2017-07-24T13:31:54","guid":{"rendered":"http:\/\/www.laivakirjasto.ladysailor.info\/?page_id=17"},"modified":"2017-07-24T13:31:54","modified_gmt":"2017-07-24T13:31:54","slug":"laivahistoriat","status":"publish","type":"page","link":"https:\/\/www.laivakirjasto.ladysailor.info\/?page_id=17","title":{"rendered":"Laivahistoriat"},"content":{"rendered":"<p>A<\/p>\n<p>ALEXANDER VON HUMBOLDT\u00a0\u00a0\u00a0\u00a0 &#8211; Clas Broder Hansen &amp; Hans J\u00fcrgen Hansen 1988<\/p>\n<p>APOLLO III\u00a0\u00a0\u00a0\u00a0\u00a0\u00a0\u00a0 &#8211; Anders Ahlerup 1988<\/p>\n<p>E<\/p>\n<p>ELIAS L\u00d6NNROT\u201d SUOMEN VIIMEINEN SIIPIRATASLAIVA\u201d\u00a0\u00a0\u00a0\u00a0\u00a0 &#8211; J. Tuomi-Nikula<\/p>\n<p>F<\/p>\n<p>FAVELL\u00a0 &#8211;\u00a0\u00a0\u00a0\u00a0 Jarkko Aarniala\u00a0 1985<\/p>\n<p>H<\/p>\n<p>H\u00d6YRYLAIVA SAIMAA 1893-1993\u00a0\u00a0\u00a0\u00a0\u00a0 -Mikko Pekonen 1993<\/p>\n<p>K<\/p>\n<p>KOLME LOVIISAA MEREN AALLOILLA\u00a0\u00a0\u00a0\u00a0 &#8211; Ilmari Elo\u00a0 1996<\/p>\n<p>KUUNARI KAKSI KALAA TAHITIIN\u00a0\u00a0 &#8211; Jaakko Piela\u00a0 1997<\/p>\n<p>KUUNARI KOIVISTO\u00a0\u00a0 &#8211; Eka Lainio 1989<\/p>\n<p>L<\/p>\n<p>LAIVA NIMELT\u00c4 KOTKA\u00a0\u00a0\u00a0\u00a0\u00a0\u00a0 &#8211; Kotkan Satamalaitos (Toim: Hannu Vapalahti)\u00a0\u00a0\u00a0\u00a0\u00a0 1986<\/p>\n<p>M<\/p>\n<p>m\/s J.L. RUNEBERG ETT FARTYGSPORTR\u00c4TT\u00a0\u00a0\u00a0\u00a0\u00a0 &#8211; Thure Malmberg 1992<\/p>\n<p>MATKA MENNEISYYTEEN \u201cS\/S TARJANNE 90 VUOTTA\u201d\u00a0\u00a0\u00a0\u00a0 &#8211; Juhani Valanto 1998<\/p>\n<p>N<\/p>\n<p>NELIMASTOPARKKI \u201dPOMMERN\u201d \u2013 Jerker \u00d6rjans, H\u00e5kan Skogsj\u00f6 2003<\/p>\n<p>P<\/p>\n<p>PAMIR \u201cDIE LEBENSGESCHICHTE EINES SEGELSCHIFFES\u201d\u00a0\u00a0 -Eigel Wiese 1997<\/p>\n<p>POMMERN \u201cFROM OCEAN CARRIER TO MUSEUM SHIP\u201d\u00a0\u00a0 &#8211; Bj\u00f6rn O. Svensson 1988<\/p>\n<p>S<\/p>\n<p>S\/S HINDENBURG\u00a0 \u201c Hylky Saaristomerell\u00e4\u201d\u00a0\u00a0\u00a0\u00a0\u00a0\u00a0 &#8211; Reima R\u00e4ty &amp; Juha Flinkman\u00a0 1997<\/p>\n<p>S\/S SAVONLINNA SAIMAA-EXPRESS\u00a0\u00a0\u00a0\u00a0 &#8211; Juhani Gr\u00f6nhagen 1990<\/p>\n<p>SAIMAA JA SALAMA\u00a0\u00a0\u00a0\u00a0 &#8211; Erkki Riimala 1973<\/p>\n<p>SUKELLUSVENE &#8220;VESIKKO&#8221;\u00a0\u00a0\u00a0 &#8211; Markku Melkko 1999<\/p>\n<p>SUOMEN JOUTSEN\u00a0\u00a0\u00a0 &#8211; Juhani Aalste &amp; Heikki Aittola &amp; Jukka Mauno\u00a0 1989<\/p>\n<p>T<\/p>\n<p>TITANIC\u00a0\u00a0\u00a0\u00a0\u00a0\u00a0 &#8211; Claes-G\u00f6ran Wetterholm 1996<\/p>\n<p>T\u00c4HDEN TARINA\u00a0\u00a0\u00a0\u00a0\u00a0\u00a0\u00a0\u00a0\u00a0\u00a0\u00a0 &#8211;\u00a0\u00a0\u00a0 Jarmo Saarinen\u00a0 1998<\/p>\n<p>V<\/p>\n<p>VIKING\u00a0\u00a0 \u00a0\u00a0&#8211; Jan Davidsson<\/p>\n<p>W<\/p>\n<p>WASA LAIVA\u00a0\u00a0\u00a0 &#8211; Morgens Jansen 1979<\/p>\n<p>\u00c5<\/p>\n<p>\u00c5NGFARTYGET MARIEFRED 1903-1993<\/p>\n","protected":false},"excerpt":{"rendered":"<p>A ALEXANDER VON HUMBOLDT\u00a0\u00a0\u00a0\u00a0 &#8211; Clas Broder Hansen &amp; Hans J\u00fcrgen Hansen 1988 APOLLO III\u00a0\u00a0\u00a0\u00a0\u00a0\u00a0\u00a0&#8230;<\/p>\n","protected":false},"author":1,"featured_media":0,"parent":0,"menu_order":0,"comment_status":"closed","ping_status":"closed","template":"","meta":{"footnotes":""},"class_list":["post-17","page","type-page","status-publish","hentry"],"_links":{"self":[{"href":"https:\/\/www.laivakirjasto.ladysailor.info\/index.php?rest_route=\/wp\/v2\/pages\/17","targetHints":{"allow":["GET"]}}],"collection":[{"href":"https:\/\/www.laivakirjasto.ladysailor.info\/index.php?rest_route=\/wp\/v2\/pages"}],"about":[{"href":"https:\/\/www.laivakirjasto.ladysailor.info\/index.php?rest_route=\/wp\/v2\/types\/page"}],"author":[{"embeddable":true,"href":"https:\/\/www.laivakirjasto.ladysailor.info\/index.php?rest_route=\/wp\/v2\/users\/1"}],"replies":[{"embeddable":true,"href":"https:\/\/www.laivakirjasto.ladysailor.info\/index.php?rest_route=%2Fwp%2Fv2%2Fcomments&post=17"}],"version-history":[{"count":1,"href":"https:\/\/www.laivakirjasto.ladysailor.info\/index.php?rest_route=\/wp\/v2\/pages\/17\/revisions"}],"predecessor-version":[{"id":18,"href":"https:\/\/www.laivakirjasto.ladysailor.info\/index.php?rest_route=\/wp\/v2\/pages\/17\/revisions\/18"}],"wp:attachment":[{"href":"https:\/\/www.laivakirjasto.ladysailor.info\/index.php?rest_route=%2Fwp%2Fv2%2Fmedia&parent=17"}],"curies":[{"name":"wp","href":"https:\/\/api.w.org\/{rel}","templated":true}]}}