{"id":15,"date":"2017-07-24T13:30:19","date_gmt":"2017-07-24T13:30:19","guid":{"rendered":"http:\/\/www.laivakirjasto.ladysailor.info\/?page_id=15"},"modified":"2017-07-24T13:30:19","modified_gmt":"2017-07-24T13:30:19","slug":"telakat","status":"publish","type":"page","link":"https:\/\/www.laivakirjasto.ladysailor.info\/?page_id=15","title":{"rendered":"Telakat"},"content":{"rendered":"<p>TELAKAT<\/p>\n<p><strong>A<\/strong><\/p>\n<p>ALBERT KRANK VARKAUTELAINEN LAIVANRAKENTAJA\u00a0\u00a0 &#8211; Martti Myllyl\u00e4 1990<\/p>\n<p>AURAJOEN VEIST\u00c4M\u00d6T JA TELAKAT\u00a0\u00a0\u00a0\u00a0 &#8211; Nils von Knorring\u00a0 1995<\/p>\n<p><strong>G<\/strong><\/p>\n<p>GERMANIAWERFT\u00a0\u00a0\u00a0\u00a0\u00a0\u00a0\u00a0 &#8211; 1908<\/p>\n<p>G\u00d6TAVERKEN 1841-1941 &#8211; Telakan oma julkaisu 1941<\/p>\n<p><strong>H<\/strong><\/p>\n<p>HOLLMING 1945-2000\u00a0\u00a0\u00a0 &#8211; Mikko Uola 2001<\/p>\n<p><strong><em>&#8220;Sotakorvausveist\u00e4m\u00f6st\u00e4 Monialakonserniksi&#8221;<\/em><\/strong><\/p>\n<p><strong>L<\/strong><\/p>\n<p>LATE \u2013 Laivanrakentajana vuosina 1945-1988 \u2013 Viljo Lundelin 1999 [ Toinen painos]<\/p>\n<p>LOW WALKER YARD LIST 1853-1947\u00a0\u00a0\u00a0\u00a0\u00a0\u00a0 &#8211; Dick Keys\u00a0 1997<\/p>\n<p><strong>M<\/strong><\/p>\n<p>MEID\u00c4N IS\u00c4 ON T\u00d6ISS\u00c4 TELAKALLA &#8220;Rauma-Repolan laivanrakennus 1945-1991&#8221; -Mikko Uola<\/p>\n<p><strong>O<\/strong><\/p>\n<p>OSAKEYHTI\u00d6 HIETALAHDEN SULKUTELAKKA JA KONEPAJA 1865-1935\u00a0\u00a0\u00a0\u00a0 &#8211;\u00a0\u00a0\u00a0\u00a0\u00a0 1935<\/p>\n<p><strong>S<\/strong><\/p>\n<p>SHIPBUILDING TECHNOLOGY INTERNATIONAL\u00a0\u00a0\u00a0\u00a0 &#8211; Sterling Publication<\/p>\n<p>-1993<\/p>\n<p>-1994<\/p>\n<p><strong>T<\/strong><\/p>\n<p>THE STORY OF AN ENGINE \u201dThe story of G\u00f6taverken Diesel\u201d\u00a0\u00a0\u00a0\u00a0\u00a0 &#8211; Ture Rinman\u00a0\u00a0 1964<\/p>\n<p><strong>U<\/strong><\/p>\n<p>UUDENKAUPUNGIN TELAKKA 100 VUOTTA\u00a0\u00a0\u00a0 &#8211; Matti Jussila &amp; Eva Illonen<\/p>\n<p><strong>W<\/strong><\/p>\n<p>W\u00c4RTSIL\u00c4 1834-1984\u00a0\u00a0\u00a0\u00a0 &#8211; Paavo Haavikko 1984<\/p>\n","protected":false},"excerpt":{"rendered":"<p>TELAKAT A ALBERT KRANK VARKAUTELAINEN LAIVANRAKENTAJA\u00a0\u00a0 &#8211; Martti Myllyl\u00e4 1990 AURAJOEN VEIST\u00c4M\u00d6T JA TELAKAT\u00a0\u00a0\u00a0\u00a0 &#8211;&#8230;<\/p>\n","protected":false},"author":1,"featured_media":0,"parent":0,"menu_order":0,"comment_status":"closed","ping_status":"closed","template":"","meta":{"footnotes":""},"class_list":["post-15","page","type-page","status-publish","hentry"],"_links":{"self":[{"href":"https:\/\/www.laivakirjasto.ladysailor.info\/index.php?rest_route=\/wp\/v2\/pages\/15","targetHints":{"allow":["GET"]}}],"collection":[{"href":"https:\/\/www.laivakirjasto.ladysailor.info\/index.php?rest_route=\/wp\/v2\/pages"}],"about":[{"href":"https:\/\/www.laivakirjasto.ladysailor.info\/index.php?rest_route=\/wp\/v2\/types\/page"}],"author":[{"embeddable":true,"href":"https:\/\/www.laivakirjasto.ladysailor.info\/index.php?rest_route=\/wp\/v2\/users\/1"}],"replies":[{"embeddable":true,"href":"https:\/\/www.laivakirjasto.ladysailor.info\/index.php?rest_route=%2Fwp%2Fv2%2Fcomments&post=15"}],"version-history":[{"count":1,"href":"https:\/\/www.laivakirjasto.ladysailor.info\/index.php?rest_route=\/wp\/v2\/pages\/15\/revisions"}],"predecessor-version":[{"id":16,"href":"https:\/\/www.laivakirjasto.ladysailor.info\/index.php?rest_route=\/wp\/v2\/pages\/15\/revisions\/16"}],"wp:attachment":[{"href":"https:\/\/www.laivakirjasto.ladysailor.info\/index.php?rest_route=%2Fwp%2Fv2%2Fmedia&parent=15"}],"curies":[{"name":"wp","href":"https:\/\/api.w.org\/{rel}","templated":true}]}}