{"id":11,"date":"2017-07-24T13:25:57","date_gmt":"2017-07-24T13:25:57","guid":{"rendered":"http:\/\/www.laivakirjasto.ladysailor.info\/?page_id=11"},"modified":"2017-07-24T13:25:57","modified_gmt":"2017-07-24T13:25:57","slug":"varustamot","status":"publish","type":"page","link":"https:\/\/www.laivakirjasto.ladysailor.info\/?page_id=11","title":{"rendered":"Varustamot"},"content":{"rendered":"<p>VARUSTAMOT<\/p>\n<p>A<\/p>\n<p>A REVIEW OF OY FINNLINES LTD\u2019S ACTIVITIES 1947-1977\u00a0\u00a0\u00a0\u00a0\u00a0 -Matti Pietik\u00e4inen<\/p>\n<p>AUVISEN LAIVAT\u00a0\u00a0\u00a0 &#8211; Esko Pakkanen 1997<\/p>\n<p>B<\/p>\n<p>BORE 100 .Vuosisata suomalaista merenkulkua\u00a0 -T.Malmberg, P -H\u00a0 Sj\u00f6str\u00f6m, M.Pietik\u00e4inen<\/p>\n<p>BRITTANY FERRIES\u00a0\u00a0\u00a0 &#8211; Miles Cowsill 1993<\/p>\n<p>BUKSER OG BJERGNING A\/S 75 \u00c5R\u00a0\u00a0\u00a0\u00a0\u00a0\u00a0\u00a0\u00a0\u00a0\u00a0\u00a0 -Dag Bakka J.R.<\/p>\n<p>C<\/p>\n<p>CALEDONIAN MACBRAYNE &#8220;THE FLEET&#8221; \u00a0&#8211; Miles Cowsill, John Hendy, Lawrence Macduff<\/p>\n<p>CHAPMAN OF NEWCASTLE &#8211; John Lingwood, Harold Appleyard 1985<\/p>\n<p>COMMODORE SHIPPING The First Half Century 1947-1997\u00a0\u00a0 &#8211; Kevin Le Scelleur\u00a0\u00a0 1997<\/p>\n<p>D<\/p>\n<p>DFDS 1866-1991 Ship Development through 125 Years\u00a0 \u00a0\u00a0&#8211;<\/p>\n<p>DFDS THE FLEET &#8211; Miles Cowsill John Hendy 1998<\/p>\n<p>DONALDSON LINE OF GLASGOW\u00a0 &#8211; P.J. Telford 1989<\/p>\n<p>D\/S HETLAND A.H.BASSE &amp; CO.REDERI A\/S 1925-1975\u00a0\u00a0\u00a0 -Erik Dannesboe 1975<\/p>\n<p>E<\/p>\n<p>ENSO GUTZEIT OY HISTORIA JA PERINNEJULKAISUJA<\/p>\n<p>OSA 4<\/p>\n<p>OSA 9<\/p>\n<p>F<\/p>\n<p>FINLANDS REDAREF\u00d6RENING 1932-1957\u00a0 -Christoffer H.Ericsson 1957<\/p>\n<p>FINSKA BERNINGSAKTIEBOLAGET &#8220;NEPTUN&#8221; 1898-1948\u00a0\u00a0\u00a0\u00a0\u00a0\u00a0\u00a0\u00a0\u00a0\u00a0\u00a0\u00a0 &#8211; Viktor Hoving<\/p>\n<p>FROM LAKE AND RIVER TO DISTANT OCEAN \u201c Brostr\u00f6m 1865-1965\u201d\u00a0\u00a0\u00a0\u00a0 &#8211;\u00a0 1965<\/p>\n<p>G<\/p>\n<p>GE<\/p>\n<p>\u201c50 \u00e5r under Gustaf Eriksons Flagga 1913-1963\u201d<\/p>\n<p>GEORG GIBSON &amp; COMPANY &#8211; Graeme Somner 1988<\/p>\n<p>H<\/p>\n<p>H.M.GEHRCKENS HAMBURG 125 JAHRE 1830-1955 &#8211; Hildegard V. Marchtaler<\/p>\n<p>H.HOGART &amp; SONS LIMITED BARON LINE\u00a0 &#8211; A.A.McAlister , Leonard Gray 1976<\/p>\n<p>HACKLIN SATA VUOTTA SATAMASSA &#8211; Risto Ennekari 1998<\/p>\n<p>HACKMANIN LAIVAT\u00a0 -Martti Vainio, Esko Pakkanen 1991<\/p>\n<p>HAIN OF ST IVES\u00a0\u00a0\u00a0 &#8211; K.J.O\u00b4Donoghue , H.S.Appleyard\u00a0 1986<\/p>\n<p>HAMBURG S\u00dcD 1871-1981\u00a0\u00a0\u00a0\u00a0\u00a0\u00a0 &#8211;\u00a0\u00a0 1981<\/p>\n<p>HAMBURG TUGS\u00a0\u00a0\u00a0 &#8211; Michael Dollenbacher &amp; Reinhard H.Schnake 1989<\/p>\n<p>HAVETS VIDA ARBETSF\u00c4LT \u00c5ngfartygs AktieBolaget BORE 1897-1972 &#8211; Erik Lodenius<\/p>\n<p>HEAD LINE \u201cG.HEYN &amp; SONS LTD\u201d\u00a0\u00a0 &#8211; W.J.Harvey 1990<\/p>\n<p>H\u00c4MEEN HOPEISILLA VESILL\u00c4\u00a0\u00a0\u00a0\u00a0\u00a0\u00a0\u00a0\u00a0\u00a0\u00a0\u00a0\u00a0\u00a0\u00a0\u00a0 -Juhani Valanto\u00a0 1999<\/p>\n<p>\u201cSuomen Hopealinja 50 Vuotta\u201d<\/p>\n<p>J<\/p>\n<p>J.LAURITZEN 1884-1984\u00a0\u00a0\u00a0\u00a0\u00a0\u00a0\u00a0\u00a0\u00a0\u00a0\u00a0\u00a0\u00a0 &#8211; Soren Thorsoe 1984<\/p>\n<p>K<\/p>\n<p>KYMMENEN VUOTTA LAIVANVARUSTAJANA\u00a0\u00a0\u00a0\u00a0\u00a0\u00a0\u00a0 \u00a0&#8211; Bengt Fagerlund\u00a0 1989<\/p>\n<p>L<\/p>\n<p>LAUDAMIEHEST\u00c4 HIETASEEN PAUL WAHL&amp; CO 1830-1909\u00a0\u00a0\u00a0 &#8211; Reijo Valta 1997<\/p>\n<p>LONDON &amp; OVERSEAS FREIGHTERS PLC History and Fleet List 1948-1992\u00a0\u00a0\u00a0\u00a0\u00a0 &#8211;<\/p>\n<p>M<\/p>\n<p>MED BOGSER OCH PR\u00c5MAR PARTEK 100 \u00c5R\u00a0 &#8211; Fritz Nordst\u00f6m 1998<\/p>\n<p>MERCHANT FLEETS\u00a0\u00a0\u00a0\u00a0\u00a0\u00a0\u00a0 &#8211; Duncan Haws<\/p>\n<p>&#8212;&#8212;&#8212;&#8211;\u00a0\u00a0\u00a0\u00a0\u00a0\u00a0 ABERDEEN AND ABERDEEN &amp; COMMONWEALTH LINES<\/p>\n<p>&#8212;&#8212;&#8212;&#8211;\u00a0\u00a0\u00a0\u00a0\u00a0\u00a0 ANCHOR LINE<\/p>\n<p>&#8212;&#8212;&#8212;&#8211;\u00a0\u00a0\u00a0\u00a0\u00a0\u00a0 BRITISH INDIAN S.N. CO<\/p>\n<p>&#8212;&#8212;&#8212;&#8211;\u00a0\u00a0\u00a0\u00a0\u00a0\u00a0 CUNARD LINE<\/p>\n<p>&#8212;&#8212;&#8212;&#8211;\u00a0\u00a0\u00a0\u00a0\u00a0\u00a0 ELDER DEMPSTER LINES<\/p>\n<p>&#8212;&#8212;&#8212;&#8211;\u00a0\u00a0\u00a0\u00a0\u00a0\u00a0 GLEN AND SHIRE LINES<\/p>\n<p>&#8212;&#8212;&#8212;&#8211;\u00a0\u00a0\u00a0\u00a0\u00a0\u00a0 PORT LINE<\/p>\n<p>&#8212;&#8212;&#8212;&#8211;\u00a0\u00a0\u00a0\u00a0\u00a0\u00a0 UNION, CASTLE AND UNION CASTLE LINES<\/p>\n<p>&#8212;&#8212;&#8212;&#8211;\u00a0\u00a0\u00a0\u00a0\u00a0\u00a0 WHITE STAR LINE<\/p>\n<p>MERI YHDIST\u00c4\u00c4\u00a0\u00a0 &#8211; M .\u00d6hman<\/p>\n<p>MIES JA MERI \u201cJuhlakirja Antti Wihurin 70v p\u00e4iv\u00e4n\u00e4\u201d\u00a0\u00a0 -Arvi Kivimaa 1953<\/p>\n<p>N<\/p>\n<p>NAVES THOMESTICI\u00a0 &#8211; Matti Pietik\u00e4inen 1978<\/p>\n<p>\u201cThombrokers-Thomesto fleetlist 1957-1978\u201d<\/p>\n<p>NAVIGARE NECESSE \u201cMERENKULKULAITOS 1917-1992\u201d &#8211;<\/p>\n<p>NORWEGIAN AMERICA LINE 1910-1995\u00a0\u00a0 &#8211; Bjorn Pedersen , F.W.Hawks 1995<\/p>\n<p>NOURSE LINE\u00a0\u00a0 &#8211; F.W.Perry , W.A. Laxon 1991<\/p>\n<p>O<\/p>\n<p>OY VAASA-UME\u00c5 AB 1948-1973\u00a0 &#8211; Varustamo OsakeYhti\u00f6 Vaasa-Ume\u00e5\u00a0\u00a0 1973<\/p>\n<p>OY WIKESTR\u00d6M&amp;KROGIUS AB &#8220;100 \u00e5r i sj\u00f6fartens tjanst 1850-1950&#8221;\u00a0\u00a0 -Oscar Nikula 1950<\/p>\n<p>P<\/p>\n<p>P&amp;O EUROPEAN FERRIES \u201cTHE FLEET\u201d\u00a0 &#8211; Miles Cowsill John Hendy 1994<\/p>\n<p>P&amp;O NORTH SEA FERRIES \u201c ACROSS TREE DECADES\u201d\u00a0\u00a0\u00a0\u00a0\u00a0\u00a0\u00a0\u00a0 &#8211; Barry Mitchell 1995<\/p>\n<p>R<\/p>\n<p>REDERIAKTIESELSKABET \u201cDANNEBROG\u201d 1883-1973\u00a0\u00a0 &#8211;<\/p>\n<p>REDERIET \u201cJOHNSON LINE UNDER 100 \u00c5R\u201d\u00a0\u00a0 &#8211; Thorsten Rinman\u00a0 1990<\/p>\n<p>REDERI SVEA\u00a0\u00a0\u00a0\u00a0 -Efraim Lundmark 1951<\/p>\n<p>RICKMERS 1834-1959&#8243;A BOOK ON SHIPBUILDING AND SHIPPING\u201d\u00a0\u00a0 &#8211;<\/p>\n<p>S<\/p>\n<p>SADAN VUODEN MERIPELASTUSTY\u00d6\u00a0 &#8211; J.Merilahti 1997<\/p>\n<p>SAILING SHIP TO SUPERTANKER\u00a0 &#8211; W.H.Mitchell L.A.Sawyer 1987<\/p>\n<p>SEA SHELL The Story of Shell\u00b4s British Tanker Fleets 1892-1992\u00a0\u00a0 &#8211; Stephen Howarts 1992<\/p>\n<p>SILJA LINE 25 VUOTTA VALKOISILLA LAIVOILLA\u00a0\u00a0 &#8211; Silja Line<\/p>\n<p>STAG LINE 1817-1983\u00a0\u00a0\u00a0\u00a0 &#8211; Nicholas J. Robinson 1984<\/p>\n<p>STAR SHIPPING \u201c25 YEARS\u201d\u00a0 &#8211; Hans H.Rossbach 1986<\/p>\n<p>STENA 1939-1989\u00a0\u00a0\u00a0\u00a0 -W.J.Harvey 1989<\/p>\n<p>STENA LINE THE FLEET &#8211; Miles Cowsill John Hendy 1997<\/p>\n<p>SUOMEN ETEL\u00c4-AMERIIKAN LINJA 1926-1976\u00a0\u00a0 &#8211; Erik Lodenius<\/p>\n<p>SUOMEN H\u00d6YRYLAIVA OSAKEYHTI\u00d6 1883-1958\u00a0\u00a0\u00a0 &#8211; Br. Suviranta\u00a0 1958<\/p>\n<p>SUOMENLINNAN LIIKENNE OY 1950-1972\u00a0\u00a0\u00a0 &#8211; A.E. Ahola\u00a0 1972<\/p>\n<p>T<\/p>\n<p>TAKE THE STRAIN \u201cHISTORY OF ALEXANDRA TOWING COMPANY 1833-1987\u201d\u00a0\u00a0 &#8211;<\/p>\n<p>THE BRITISH TANKERS\u00a0\u00a0 &#8211; N.L.Middlemiss\u00a0 1995<\/p>\n<p>THE CHANDRIS LINERS\u00a0\u00a0\u00a0\u00a0\u00a0\u00a0 &#8211; William H.Miller 1993<\/p>\n<p>THE CONSTANTINE GROUP\u00a0\u00a0 &#8211; H.S.Appleyard 1983<\/p>\n<p>THE COSTA LINERS\u00a0\u00a0 &#8211; Maurizio Eliseo , Paolo Piccione\u00a0 1997<\/p>\n<p>THE DANNEBROG FLEET 1883-1993\u00a0 &#8211; Soren Thorsoe<\/p>\n<p>THE DEN LINE \u201cBarrie &amp; Nairn\u201d\u00a0\u00a0 &#8211; D.C.E. Burrell 1990<\/p>\n<p>THE DOVER &#8211; OSTEND LINE\u00a0\u00a0\u00a0\u00a0\u00a0\u00a0 -John Hendy 1991<\/p>\n<p>THE FINNLINES FLEET 1947-1997\u00a0\u00a0 &#8211; Matti Pietik\u00e4inen 1998<\/p>\n<p>THE FLEET OF LEIF HOEGH &amp; CO . A\/S\u00a0 1928-1988\u00a0\u00a0\u00a0\u00a0\u00a0\u00a0\u00a0\u00a0\u00a0\u00a0\u00a0 -1988<\/p>\n<p>THE GOLDEN CROSS LINE Owen &amp;Watkin Williams Of Cardiff\u00a0\u00a0 &#8211;\u00a0 David Jenkins 1991<\/p>\n<p>THE GORTHON SHIPPING COMPANIES 1915-1985 &#8211; Kjell A.Axelson Tomas Johannesson<\/p>\n<p>THE HAMBURG SOUTH AMERICA LINE\u00a0\u00a0\u00a0\u00a0\u00a0\u00a0\u00a0\u00a0\u00a0\u00a0\u00a0\u00a0\u00a0 &#8211; James Cooper, Arnold Kludas,<\/p>\n<p>THE HOLLAND AMERICA LINE &#8211; Peter C.Kohler 1993<\/p>\n<p>THE PASSAGE MAKERS\u00a0\u00a0\u00a0\u00a0\u00a0\u00a0\u00a0\u00a0\u00a0\u00a0\u00a0\u00a0\u00a0\u00a0\u00a0\u00a0\u00a0\u00a0\u00a0\u00a0\u00a0\u00a0\u00a0\u00a0\u00a0\u00a0\u00a0\u00a0 -Michael Stammers 1979<\/p>\n<p>(The history of the Black Ball Line of Australian Packets, 1852-1971)<\/p>\n<p>THE SAINT GEORGE STEAM PACKET COMPANY 1821-1843 &#8211;<\/p>\n<p>THE SEALINK YEARS 1970-1995\u00a0\u00a0\u00a0\u00a0 &#8211;\u00a0 Miles Cowsill &amp; John Hendy<\/p>\n<p>THE SHIPS OF OUR FIRST CENTURY \u201cThe EFFOA Fleet 1883-1983\u201d-<\/p>\n<p>TUKKIMETSI\u00c4 JA H\u00d6YRYLAIVOJA &#8211; Pekka Lehonkoski 1987<\/p>\n<p>U<\/p>\n<p>UNITED TOWING 1920-1990\u00a0\u00a0\u00a0\u00a0 &#8211; Alan Ford 1997<\/p>\n<p>V<\/p>\n<p>VALKEAT LAIVAT\u00a0\u00a0\u00a0 &#8211; Thure Malmberg , Arnold Neumann 1970<\/p>\n<p>VAN UDEN 150 JAAR\u00a0\u00a0 &#8211; G.J. De Boer\u00a0 1998<\/p>\n<p>VIKING LINE 1959-1989\u00a0\u00a0\u00a0\u00a0\u00a0\u00a0\u00a0\u00a0 &#8211; Viking Line 1989<\/p>\n<p>VUOSISADAN MERIKIRJA \u201c Effoan sata ensimm\u00e4ist\u00e4 vuotta 1883-1983\u201d\u00a0\u00a0 &#8211; Paavo Haavikko<\/p>\n<p>W<\/p>\n<p>WAGENBORG 100 JAAR De Schepen Van 1898-1998\u00a0\u00a0\u00a0 &#8211; Gerrit De Boer<\/p>\n<p>WILH.WILHELMSEN 1861-1994\u00a0\u00a0\u00a0 &#8211; B\u00e5rd Kolltveit , Michael Crowdy 1994<\/p>\n<p>WILLIAM SLOAN &amp; CO LTD , GLASGOW\u00a0 1825-1968\u00a0\u00a0\u00a0\u00a0\u00a0\u00a0\u00a0\u00a0\u00a0 &#8211; Graham E. Langmuir , G.H.Somner<\/p>\n<p>Z<\/p>\n<p>ZACHARIASSEN YHTI\u00d6T 100 vuoden aikana &#8211;\u00a0\u00a0\u00a0\u00a0 1970<\/p>\n<p>\u00c5<\/p>\n<p>\u00c5LANDS REDAREF\u00d6RENING 1934-1959\u00a0\u00a0\u00a0\u00a0\u00a0 -G.K\u00e5hre 1958<\/p>\n<p>\u00c5NGFARTYGS AKTIEBOLAGET BORE 1897-1947\u00a0\u00a0\u00a0\u00a0\u00a0\u00a0\u00a0\u00a0 -Oskar Nikula 1947<\/p>\n","protected":false},"excerpt":{"rendered":"<p>VARUSTAMOT A A REVIEW OF OY FINNLINES LTD\u2019S ACTIVITIES 1947-1977\u00a0\u00a0\u00a0\u00a0\u00a0 -Matti Pietik\u00e4inen AUVISEN LAIVAT\u00a0\u00a0\u00a0 &#8211;&#8230;<\/p>\n","protected":false},"author":1,"featured_media":0,"parent":0,"menu_order":0,"comment_status":"closed","ping_status":"closed","template":"","meta":{"footnotes":""},"class_list":["post-11","page","type-page","status-publish","hentry"],"_links":{"self":[{"href":"https:\/\/www.laivakirjasto.ladysailor.info\/index.php?rest_route=\/wp\/v2\/pages\/11","targetHints":{"allow":["GET"]}}],"collection":[{"href":"https:\/\/www.laivakirjasto.ladysailor.info\/index.php?rest_route=\/wp\/v2\/pages"}],"about":[{"href":"https:\/\/www.laivakirjasto.ladysailor.info\/index.php?rest_route=\/wp\/v2\/types\/page"}],"author":[{"embeddable":true,"href":"https:\/\/www.laivakirjasto.ladysailor.info\/index.php?rest_route=\/wp\/v2\/users\/1"}],"replies":[{"embeddable":true,"href":"https:\/\/www.laivakirjasto.ladysailor.info\/index.php?rest_route=%2Fwp%2Fv2%2Fcomments&post=11"}],"version-history":[{"count":1,"href":"https:\/\/www.laivakirjasto.ladysailor.info\/index.php?rest_route=\/wp\/v2\/pages\/11\/revisions"}],"predecessor-version":[{"id":12,"href":"https:\/\/www.laivakirjasto.ladysailor.info\/index.php?rest_route=\/wp\/v2\/pages\/11\/revisions\/12"}],"wp:attachment":[{"href":"https:\/\/www.laivakirjasto.ladysailor.info\/index.php?rest_route=%2Fwp%2Fv2%2Fmedia&parent=11"}],"curies":[{"name":"wp","href":"https:\/\/api.w.org\/{rel}","templated":true}]}}